{"id":383,"date":"2021-07-30T11:14:46","date_gmt":"2021-07-30T15:14:46","guid":{"rendered":"https:\/\/base-agency.c21staging.id-3.net\/?page_id=383"},"modified":"2021-07-30T14:17:38","modified_gmt":"2021-07-30T18:17:38","slug":"listing-details","status":"publish","type":"page","link":"https:\/\/joseeboulais.com\/en\/listings\/listing-details\/","title":{"rendered":"Listing details"},"content":{"rendered":"\t\t<div data-elementor-type=\"wp-page\" data-elementor-id=\"383\" class=\"elementor elementor-383\" data-elementor-post-type=\"page\">\n\t\t\t\t\t\t\t\t\t<section class=\"elementor-section elementor-top-section elementor-element elementor-element-275ee247 elementor-section-boxed elementor-section-height-default elementor-section-height-default\" data-id=\"275ee247\" data-element_type=\"section\" data-settings=\"{&quot;background_background&quot;:&quot;classic&quot;}\">\n\t\t\t\t\t\t<div class=\"elementor-container elementor-column-gap-no\">\n\t\t\t\t\t<div class=\"elementor-column elementor-col-100 elementor-top-column elementor-element elementor-element-16e26d2d\" data-id=\"16e26d2d\" data-element_type=\"column\">\n\t\t\t<div class=\"elementor-widget-wrap elementor-element-populated\">\n\t\t\t\t\t\t\t\t<div class=\"elementor-element elementor-element-558f2053 elementor-widget-divider--view-line elementor-invisible elementor-widget elementor-widget-divider\" data-id=\"558f2053\" data-element_type=\"widget\" data-settings=\"{&quot;_animation&quot;:&quot;slideInRight&quot;}\" data-widget_type=\"divider.default\">\n\t\t\t\t<div class=\"elementor-widget-container\">\n\t\t\t\t\t<div class=\"elementor-divider\">\n\t\t\t<span class=\"elementor-divider-separator\">\n\t\t\t\t\t\t<\/span>\n\t\t<\/div>\n\t\t\t\t<\/div>\n\t\t\t\t<\/div>\n\t\t\t\t<div class=\"elementor-element elementor-element-52f39058 elementor-widget__width-auto elementor-invisible elementor-widget elementor-widget-text-editor\" data-id=\"52f39058\" data-element_type=\"widget\" data-settings=\"{&quot;_animation&quot;:&quot;fadeInUp&quot;}\" data-widget_type=\"text-editor.default\">\n\t\t\t\t<div class=\"elementor-widget-container\">\n\t\t\t\t\t\t\t\t\t\t\t\t\t<\/div>\n\t\t\t\t<\/div>\n\t\t\t\t<div class=\"elementor-element elementor-element-4f2136f elementor-widget__width-auto elementor-invisible elementor-widget elementor-widget-text-editor\" data-id=\"4f2136f\" data-element_type=\"widget\" data-settings=\"{&quot;_animation&quot;:&quot;fadeInUp&quot;}\" data-widget_type=\"text-editor.default\">\n\t\t\t\t<div class=\"elementor-widget-container\">\n\t\t\t\t\t\t\t\t\t\t\t\t\t<\/div>\n\t\t\t\t<\/div>\n\t\t\t\t\t<\/div>\n\t\t<\/div>\n\t\t\t\t\t\t\t<\/div>\n\t\t<\/section>\n\t\t\t\t<section class=\"elementor-section elementor-top-section elementor-element elementor-element-55c669b elementor-section-boxed elementor-section-height-default elementor-section-height-default\" data-id=\"55c669b\" data-element_type=\"section\">\n\t\t\t\t\t\t<div class=\"elementor-container elementor-column-gap-default\">\n\t\t\t\t\t<div class=\"elementor-column elementor-col-100 elementor-top-column elementor-element elementor-element-454b8c0\" data-id=\"454b8c0\" data-element_type=\"column\">\n\t\t\t<div class=\"elementor-widget-wrap elementor-element-populated\">\n\t\t\t\t\t\t\t\t\t<\/div>\n\t\t<\/div>\n\t\t\t\t\t\t\t<\/div>\n\t\t<\/section>\n\t\t\t\t\t\t\t<\/div>\n\t\t","protected":false},"excerpt":{"rendered":"<p>Expect extraordinary. Expect extraordinary. \u00e0 vendre pour 339 000 $+tx Estimation de l&#8217;hypoth\u00e8que: 591.96 $ aux 2 semaines Subcategory Metropolis Demande d&#8217;information Photos (17) Video Visite virtuelle Vue du quartier Carte Fa\u00e7ade Toutes les images Plein \u00e9cran Video Visite virtuelle Vue du quartier Carte 111111111 555 Dolor sit, Metropolis Region State Lorem ipsum dolor sit [&hellip;]<\/p>\n","protected":false},"author":1,"featured_media":0,"parent":373,"menu_order":0,"comment_status":"closed","ping_status":"closed","template":"","meta":{"footnotes":""},"yoast_head":"<!-- This site is optimized with the Yoast SEO plugin v21.9 - https:\/\/yoast.com\/wordpress\/plugins\/seo\/ -->\n<title>Listing details - Jos\u00e9e Boulais - Courtier immobilier r\u00e9sidentiel<\/title>\n<meta name=\"robots\" content=\"index, follow, max-snippet:-1, max-image-preview:large, max-video-preview:-1\" \/>\n<link rel=\"canonical\" href=\"https:\/\/joseeboulais.com\/en\/listings\/listing-details\/\" \/>\n<meta property=\"og:locale\" content=\"en_US\" \/>\n<meta property=\"og:type\" content=\"article\" \/>\n<meta property=\"og:title\" content=\"Listing details - Jos\u00e9e Boulais - Courtier immobilier r\u00e9sidentiel\" \/>\n<meta property=\"og:description\" content=\"Expect extraordinary. Expect extraordinary. \u00e0 vendre pour 339 000 $+tx Estimation de l&#8217;hypoth\u00e8que: 591.96 $ aux 2 semaines Subcategory Metropolis Demande d&#8217;information Photos (17) Video Visite virtuelle Vue du quartier Carte Fa\u00e7ade Toutes les images Plein \u00e9cran Video Visite virtuelle Vue du quartier Carte 111111111 555 Dolor sit, Metropolis Region State Lorem ipsum dolor sit [&hellip;]\" \/>\n<meta property=\"og:url\" content=\"https:\/\/joseeboulais.com\/en\/listings\/listing-details\/\" \/>\n<meta property=\"og:site_name\" content=\"Jos\u00e9e Boulais - Courtier immobilier r\u00e9sidentiel\" \/>\n<meta property=\"article:modified_time\" content=\"2021-07-30T18:17:38+00:00\" \/>\n<meta property=\"og:image\" content=\"https:\/\/joseeboulais.com\/wp-content\/uploads\/sites\/217\/2025\/01\/josee-boulais-site-image.jpg\" \/>\n\t<meta property=\"og:image:width\" content=\"1200\" \/>\n\t<meta property=\"og:image:height\" content=\"675\" \/>\n\t<meta property=\"og:image:type\" content=\"image\/jpeg\" \/>\n<meta name=\"twitter:card\" content=\"summary_large_image\" \/>\n<meta name=\"twitter:label1\" content=\"Est. reading time\" \/>\n\t<meta name=\"twitter:data1\" content=\"2 minutes\" \/>\n<script type=\"application\/ld+json\" class=\"yoast-schema-graph\">{\"@context\":\"https:\/\/schema.org\",\"@graph\":[{\"@type\":\"WebPage\",\"@id\":\"https:\/\/joseeboulais.com\/en\/listings\/listing-details\/\",\"url\":\"https:\/\/joseeboulais.com\/en\/listings\/listing-details\/\",\"name\":\"Listing details - Jos\u00e9e Boulais - Courtier immobilier r\u00e9sidentiel\",\"isPartOf\":{\"@id\":\"https:\/\/joseeboulais.com\/en\/#website\"},\"datePublished\":\"2021-07-30T15:14:46+00:00\",\"dateModified\":\"2021-07-30T18:17:38+00:00\",\"breadcrumb\":{\"@id\":\"https:\/\/joseeboulais.com\/en\/listings\/listing-details\/#breadcrumb\"},\"inLanguage\":\"en-US\",\"potentialAction\":[{\"@type\":\"ReadAction\",\"target\":[\"https:\/\/joseeboulais.com\/en\/listings\/listing-details\/\"]}]},{\"@type\":\"BreadcrumbList\",\"@id\":\"https:\/\/joseeboulais.com\/en\/listings\/listing-details\/#breadcrumb\",\"itemListElement\":[{\"@type\":\"ListItem\",\"position\":1,\"name\":\"Accueil\",\"item\":\"https:\/\/joseeboulais.com\/en\/\"},{\"@type\":\"ListItem\",\"position\":2,\"name\":\"Listings\",\"item\":\"https:\/\/joseeboulais.com\/en\/proprietes\/\"},{\"@type\":\"ListItem\",\"position\":3,\"name\":\"Listing details\"}]},{\"@type\":\"WebSite\",\"@id\":\"https:\/\/joseeboulais.com\/en\/#website\",\"url\":\"https:\/\/joseeboulais.com\/en\/\",\"name\":\"Jos\u00e9e Boulais - Courtier immobilier r\u00e9sidentiel\",\"description\":\"Votre projet, ma mission \u2013 un accompagnement immobilier sur mesure.\",\"publisher\":{\"@id\":\"https:\/\/joseeboulais.com\/en\/#organization\"},\"potentialAction\":[{\"@type\":\"SearchAction\",\"target\":{\"@type\":\"EntryPoint\",\"urlTemplate\":\"https:\/\/joseeboulais.com\/en\/?s={search_term_string}\"},\"query-input\":\"required name=search_term_string\"}],\"inLanguage\":\"en-US\"},{\"@type\":\"Organization\",\"@id\":\"https:\/\/joseeboulais.com\/en\/#organization\",\"name\":\"Jos\u00e9e Boulais - Courtier immobilier r\u00e9sidentiel\",\"url\":\"https:\/\/joseeboulais.com\/en\/\",\"logo\":{\"@type\":\"ImageObject\",\"inLanguage\":\"en-US\",\"@id\":\"https:\/\/joseeboulais.com\/en\/#\/schema\/logo\/image\/\",\"url\":\"https:\/\/joseeboulais.com\/wp-content\/uploads\/sites\/217\/2024\/10\/cropped-Pri_Sommet_Gold.png\",\"contentUrl\":\"https:\/\/joseeboulais.com\/wp-content\/uploads\/sites\/217\/2024\/10\/cropped-Pri_Sommet_Gold.png\",\"width\":911,\"height\":286,\"caption\":\"Jos\u00e9e Boulais - Courtier immobilier r\u00e9sidentiel\"},\"image\":{\"@id\":\"https:\/\/joseeboulais.com\/en\/#\/schema\/logo\/image\/\"}}]}<\/script>\n<!-- \/ Yoast SEO plugin. -->","yoast_head_json":{"title":"Listing details - Jos\u00e9e Boulais - Courtier immobilier r\u00e9sidentiel","robots":{"index":"index","follow":"follow","max-snippet":"max-snippet:-1","max-image-preview":"max-image-preview:large","max-video-preview":"max-video-preview:-1"},"canonical":"https:\/\/joseeboulais.com\/en\/listings\/listing-details\/","og_locale":"en_US","og_type":"article","og_title":"Listing details - Jos\u00e9e Boulais - Courtier immobilier r\u00e9sidentiel","og_description":"Expect extraordinary. Expect extraordinary. \u00e0 vendre pour 339 000 $+tx Estimation de l&#8217;hypoth\u00e8que: 591.96 $ aux 2 semaines Subcategory Metropolis Demande d&#8217;information Photos (17) Video Visite virtuelle Vue du quartier Carte Fa\u00e7ade Toutes les images Plein \u00e9cran Video Visite virtuelle Vue du quartier Carte 111111111 555 Dolor sit, Metropolis Region State Lorem ipsum dolor sit [&hellip;]","og_url":"https:\/\/joseeboulais.com\/en\/listings\/listing-details\/","og_site_name":"Jos\u00e9e Boulais - Courtier immobilier r\u00e9sidentiel","article_modified_time":"2021-07-30T18:17:38+00:00","og_image":[{"width":1200,"height":675,"url":"https:\/\/joseeboulais.com\/wp-content\/uploads\/sites\/217\/2025\/01\/josee-boulais-site-image.jpg","type":"image\/jpeg"}],"twitter_card":"summary_large_image","twitter_misc":{"Est. reading time":"2 minutes"},"schema":{"@context":"https:\/\/schema.org","@graph":[{"@type":"WebPage","@id":"https:\/\/joseeboulais.com\/en\/listings\/listing-details\/","url":"https:\/\/joseeboulais.com\/en\/listings\/listing-details\/","name":"Listing details - Jos\u00e9e Boulais - Courtier immobilier r\u00e9sidentiel","isPartOf":{"@id":"https:\/\/joseeboulais.com\/en\/#website"},"datePublished":"2021-07-30T15:14:46+00:00","dateModified":"2021-07-30T18:17:38+00:00","breadcrumb":{"@id":"https:\/\/joseeboulais.com\/en\/listings\/listing-details\/#breadcrumb"},"inLanguage":"en-US","potentialAction":[{"@type":"ReadAction","target":["https:\/\/joseeboulais.com\/en\/listings\/listing-details\/"]}]},{"@type":"BreadcrumbList","@id":"https:\/\/joseeboulais.com\/en\/listings\/listing-details\/#breadcrumb","itemListElement":[{"@type":"ListItem","position":1,"name":"Accueil","item":"https:\/\/joseeboulais.com\/en\/"},{"@type":"ListItem","position":2,"name":"Listings","item":"https:\/\/joseeboulais.com\/en\/proprietes\/"},{"@type":"ListItem","position":3,"name":"Listing details"}]},{"@type":"WebSite","@id":"https:\/\/joseeboulais.com\/en\/#website","url":"https:\/\/joseeboulais.com\/en\/","name":"Jos\u00e9e Boulais - Courtier immobilier r\u00e9sidentiel","description":"Votre projet, ma mission \u2013 un accompagnement immobilier sur mesure.","publisher":{"@id":"https:\/\/joseeboulais.com\/en\/#organization"},"potentialAction":[{"@type":"SearchAction","target":{"@type":"EntryPoint","urlTemplate":"https:\/\/joseeboulais.com\/en\/?s={search_term_string}"},"query-input":"required name=search_term_string"}],"inLanguage":"en-US"},{"@type":"Organization","@id":"https:\/\/joseeboulais.com\/en\/#organization","name":"Jos\u00e9e Boulais - Courtier immobilier r\u00e9sidentiel","url":"https:\/\/joseeboulais.com\/en\/","logo":{"@type":"ImageObject","inLanguage":"en-US","@id":"https:\/\/joseeboulais.com\/en\/#\/schema\/logo\/image\/","url":"https:\/\/joseeboulais.com\/wp-content\/uploads\/sites\/217\/2024\/10\/cropped-Pri_Sommet_Gold.png","contentUrl":"https:\/\/joseeboulais.com\/wp-content\/uploads\/sites\/217\/2024\/10\/cropped-Pri_Sommet_Gold.png","width":911,"height":286,"caption":"Jos\u00e9e Boulais - Courtier immobilier r\u00e9sidentiel"},"image":{"@id":"https:\/\/joseeboulais.com\/en\/#\/schema\/logo\/image\/"}}]}},"_links":{"self":[{"href":"https:\/\/joseeboulais.com\/en\/wp-json\/wp\/v2\/pages\/383"}],"collection":[{"href":"https:\/\/joseeboulais.com\/en\/wp-json\/wp\/v2\/pages"}],"about":[{"href":"https:\/\/joseeboulais.com\/en\/wp-json\/wp\/v2\/types\/page"}],"author":[{"embeddable":true,"href":"https:\/\/joseeboulais.com\/en\/wp-json\/wp\/v2\/users\/1"}],"replies":[{"embeddable":true,"href":"https:\/\/joseeboulais.com\/en\/wp-json\/wp\/v2\/comments?post=383"}],"version-history":[{"count":0,"href":"https:\/\/joseeboulais.com\/en\/wp-json\/wp\/v2\/pages\/383\/revisions"}],"up":[{"embeddable":true,"href":"https:\/\/joseeboulais.com\/en\/wp-json\/wp\/v2\/pages\/373"}],"wp:attachment":[{"href":"https:\/\/joseeboulais.com\/en\/wp-json\/wp\/v2\/media?parent=383"}],"curies":[{"name":"wp","href":"https:\/\/api.w.org\/{rel}","templated":true}]}}