{"id":989,"date":"2021-09-23T13:47:04","date_gmt":"2021-09-23T17:47:04","guid":{"rendered":"https:\/\/base-broker.quebec.c21.ca\/?page_id=989"},"modified":"2024-11-12T21:55:50","modified_gmt":"2024-11-13T02:55:50","slug":"testimonials","status":"publish","type":"page","link":"https:\/\/joseeboulais.com\/en\/testimonials\/","title":{"rendered":"Testimonials"},"content":{"rendered":"\t\t<div data-elementor-type=\"wp-page\" data-elementor-id=\"989\" class=\"elementor elementor-989\" data-elementor-post-type=\"page\">\n\t\t\t\t\t\t\t\t\t<section class=\"elementor-section elementor-top-section elementor-element elementor-element-644db3a9 elementor-section-boxed elementor-section-height-default elementor-section-height-default\" data-id=\"644db3a9\" data-element_type=\"section\" data-settings=\"{&quot;background_background&quot;:&quot;classic&quot;}\">\n\t\t\t\t\t\t<div class=\"elementor-container elementor-column-gap-no\">\n\t\t\t\t\t<div class=\"elementor-column elementor-col-100 elementor-top-column elementor-element elementor-element-1dd33eb5\" data-id=\"1dd33eb5\" data-element_type=\"column\">\n\t\t\t<div class=\"elementor-widget-wrap elementor-element-populated\">\n\t\t\t\t\t\t\t\t<div class=\"elementor-element elementor-element-7350eafa elementor-widget-divider--view-line elementor-invisible elementor-widget elementor-widget-divider\" data-id=\"7350eafa\" data-element_type=\"widget\" data-settings=\"{&quot;_animation&quot;:&quot;slideInRight&quot;}\" data-widget_type=\"divider.default\">\n\t\t\t\t<div class=\"elementor-widget-container\">\n\t\t\t\t\t<div class=\"elementor-divider\">\n\t\t\t<span class=\"elementor-divider-separator\">\n\t\t\t\t\t\t<\/span>\n\t\t<\/div>\n\t\t\t\t<\/div>\n\t\t\t\t<\/div>\n\t\t\t\t<div class=\"elementor-element elementor-element-777d9db1 elementor-invisible elementor-widget elementor-widget-text-editor\" data-id=\"777d9db1\" data-element_type=\"widget\" data-settings=\"{&quot;_animation&quot;:&quot;fadeInUp&quot;}\" data-widget_type=\"text-editor.default\">\n\t\t\t\t<div class=\"elementor-widget-container\">\n\t\t\t\t\t\t\tYour opinion matters.\t\t\t\t\t\t<\/div>\n\t\t\t\t<\/div>\n\t\t\t\t\t<\/div>\n\t\t<\/div>\n\t\t\t\t\t\t\t<\/div>\n\t\t<\/section>\n\t\t\t\t<section class=\"elementor-section elementor-top-section elementor-element elementor-element-76be4ce elementor-section-boxed elementor-section-height-default elementor-section-height-default\" data-id=\"76be4ce\" data-element_type=\"section\">\n\t\t\t\t\t\t<div class=\"elementor-container elementor-column-gap-default\">\n\t\t\t\t\t<div class=\"elementor-column elementor-col-100 elementor-top-column elementor-element elementor-element-afccb33\" data-id=\"afccb33\" data-element_type=\"column\">\n\t\t\t<div class=\"elementor-widget-wrap elementor-element-populated\">\n\t\t\t\t\t\t\t\t<div class=\"elementor-element elementor-element-8392cf5 elementor-widget elementor-widget-spacer\" data-id=\"8392cf5\" data-element_type=\"widget\" data-widget_type=\"spacer.default\">\n\t\t\t\t<div class=\"elementor-widget-container\">\n\t\t\t\t\t<div class=\"elementor-spacer\">\n\t\t\t<div class=\"elementor-spacer-inner\"><\/div>\n\t\t<\/div>\n\t\t\t\t<\/div>\n\t\t\t\t<\/div>\n\t\t\t\t\t<\/div>\n\t\t<\/div>\n\t\t\t\t\t\t\t<\/div>\n\t\t<\/section>\n\t\t\t\t<section class=\"elementor-section elementor-top-section elementor-element elementor-element-2e6cfc5 elementor-section-boxed elementor-section-height-default elementor-section-height-default\" data-id=\"2e6cfc5\" data-element_type=\"section\">\n\t\t\t\t\t\t<div class=\"elementor-container elementor-column-gap-default\">\n\t\t\t\t\t<div class=\"elementor-column elementor-col-50 elementor-top-column elementor-element elementor-element-52f025f\" data-id=\"52f025f\" data-element_type=\"column\">\n\t\t\t<div class=\"elementor-widget-wrap elementor-element-populated\">\n\t\t\t\t\t\t\t\t<div class=\"elementor-element elementor-element-7f6924b elementor-widget elementor-widget-testimonial\" data-id=\"7f6924b\" data-element_type=\"widget\" data-settings=\"{&quot;motion_fx_motion_fx_scrolling&quot;:&quot;yes&quot;,&quot;motion_fx_translateY_effect&quot;:&quot;yes&quot;,&quot;motion_fx_translateY_speed&quot;:{&quot;unit&quot;:&quot;px&quot;,&quot;size&quot;:4,&quot;sizes&quot;:[]},&quot;motion_fx_translateY_affectedRange&quot;:{&quot;unit&quot;:&quot;%&quot;,&quot;size&quot;:&quot;&quot;,&quot;sizes&quot;:{&quot;start&quot;:0,&quot;end&quot;:100}},&quot;motion_fx_devices&quot;:[&quot;desktop&quot;,&quot;tablet&quot;,&quot;mobile&quot;]}\" data-widget_type=\"testimonial.default\">\n\t\t\t\t<div class=\"elementor-widget-container\">\n\t\t\t\t\t<div class=\"elementor-testimonial-wrapper\">\n\t\t\t\t\t\t\t<div class=\"elementor-testimonial-content\">I had the great opportunity to meet Jos\u00e9e a few years ago when I was looking to buy a property in the Laurentians and called upon her again when I sold!  She was with me every step of the way, put me at ease and always answered any questions I had!  If you're looking for peace of mind in your transactions, then I highly recommend Jos\u00e9e!<\/div>\n\t\t\t\n\t\t\t\t\t\t<div class=\"elementor-testimonial-meta\">\n\t\t\t\t<div class=\"elementor-testimonial-meta-inner\">\n\t\t\t\t\t\n\t\t\t\t\t\t\t\t\t\t<div class=\"elementor-testimonial-details\">\n\t\t\t\t\t\t\t\t\t\t\t\t\t\t<div class=\"elementor-testimonial-name\">Lynne Buner<\/div>\n\t\t\t\t\t\t\t\t\t\t\t\t\t\t\t\t\t\t\t\t\t\t<div class=\"elementor-testimonial-job\">Laval<\/div>\n\t\t\t\t\t\t\t\t\t\t\t\t\t<\/div>\n\t\t\t\t\t\t\t\t\t<\/div>\n\t\t\t<\/div>\n\t\t\t\t\t<\/div>\n\t\t\t\t<\/div>\n\t\t\t\t<\/div>\n\t\t\t\t<div class=\"elementor-element elementor-element-81f33ea elementor-widget elementor-widget-testimonial\" data-id=\"81f33ea\" data-element_type=\"widget\" data-settings=\"{&quot;motion_fx_motion_fx_scrolling&quot;:&quot;yes&quot;,&quot;motion_fx_translateY_effect&quot;:&quot;yes&quot;,&quot;motion_fx_translateY_speed&quot;:{&quot;unit&quot;:&quot;px&quot;,&quot;size&quot;:4,&quot;sizes&quot;:[]},&quot;motion_fx_translateY_affectedRange&quot;:{&quot;unit&quot;:&quot;%&quot;,&quot;size&quot;:&quot;&quot;,&quot;sizes&quot;:{&quot;start&quot;:0,&quot;end&quot;:100}},&quot;motion_fx_devices&quot;:[&quot;desktop&quot;,&quot;tablet&quot;,&quot;mobile&quot;]}\" data-widget_type=\"testimonial.default\">\n\t\t\t\t<div class=\"elementor-widget-container\">\n\t\t\t\t\t<div class=\"elementor-testimonial-wrapper\">\n\t\t\t\t\t\t\t<div class=\"elementor-testimonial-content\"><div><br><\/div><div><div data-message-author-role=\"assistant\" data-message-id=\"be85984f-917e-445f-ae46-3119d370ae66\" dir=\"auto\" data-message-model-slug=\"gpt-4o\"><div><div><p>We had the opportunity to use Jos\u00e9e's services for the sale of our duplex, and we are fully satisfied. Her service is both very personable and highly professional. Jos\u00e9e is always attentive to her clients, taking the time to thoroughly understand our needs and expectations. Her availability and attention to detail made all the difference in our experience. We wholeheartedly recommend Jos\u00e9e to anyone looking for a trustworthy real estate agent.<\/p><\/div><\/div><\/div><\/div><\/div>\n\t\t\t\n\t\t\t\t\t\t<div class=\"elementor-testimonial-meta\">\n\t\t\t\t<div class=\"elementor-testimonial-meta-inner\">\n\t\t\t\t\t\n\t\t\t\t\t\t\t\t\t\t<div class=\"elementor-testimonial-details\">\n\t\t\t\t\t\t\t\t\t\t\t\t\t\t<div class=\"elementor-testimonial-name\">Caroline Corriveau<\/div>\n\t\t\t\t\t\t\t\t\t\t\t\t\t\t\t\t\t\t\t\t\t\t<div class=\"elementor-testimonial-job\">Ste-Anne-des-Lacs<\/div>\n\t\t\t\t\t\t\t\t\t\t\t\t\t<\/div>\n\t\t\t\t\t\t\t\t\t<\/div>\n\t\t\t<\/div>\n\t\t\t\t\t<\/div>\n\t\t\t\t<\/div>\n\t\t\t\t<\/div>\n\t\t\t\t\t<\/div>\n\t\t<\/div>\n\t\t\t\t<div class=\"elementor-column elementor-col-50 elementor-top-column elementor-element elementor-element-1c8010c\" data-id=\"1c8010c\" data-element_type=\"column\">\n\t\t\t<div class=\"elementor-widget-wrap elementor-element-populated\">\n\t\t\t\t\t\t\t\t<div class=\"elementor-element elementor-element-7d1b1f3 elementor-widget elementor-widget-testimonial\" data-id=\"7d1b1f3\" data-element_type=\"widget\" data-settings=\"{&quot;motion_fx_motion_fx_scrolling&quot;:&quot;yes&quot;,&quot;motion_fx_translateY_effect&quot;:&quot;yes&quot;,&quot;motion_fx_translateY_speed&quot;:{&quot;unit&quot;:&quot;px&quot;,&quot;size&quot;:4,&quot;sizes&quot;:[]},&quot;motion_fx_translateY_affectedRange&quot;:{&quot;unit&quot;:&quot;%&quot;,&quot;size&quot;:&quot;&quot;,&quot;sizes&quot;:{&quot;start&quot;:0,&quot;end&quot;:100}},&quot;motion_fx_devices&quot;:[&quot;desktop&quot;,&quot;tablet&quot;,&quot;mobile&quot;]}\" data-widget_type=\"testimonial.default\">\n\t\t\t\t<div class=\"elementor-widget-container\">\n\t\t\t\t\t<div class=\"elementor-testimonial-wrapper\">\n\t\t\t\t\t\t\t<div class=\"elementor-testimonial-content\"><span style=\"font-size: 12px;text-align: start\">Jos\u00e9e Boulais assisted me with the purchase of my chalet at the end of 2022, and it was a true pleasure working with her. From the very beginning, she was attentive to my needs and always available to answer my questions. Thanks to her professionalism and attention to detail, the entire buying process was smooth and stress-free. Her knowledge of the real estate market and ability to anticipate my expectations made all the difference. I highly recommend Jos\u00e9e to anyone looking for a reliable and competent real estate agent!<\/span><\/div>\n\t\t\t\n\t\t\t\t\t\t<div class=\"elementor-testimonial-meta\">\n\t\t\t\t<div class=\"elementor-testimonial-meta-inner\">\n\t\t\t\t\t\n\t\t\t\t\t\t\t\t\t\t<div class=\"elementor-testimonial-details\">\n\t\t\t\t\t\t\t\t\t\t\t\t\t\t<div class=\"elementor-testimonial-name\">Benjamin Graugnard<\/div>\n\t\t\t\t\t\t\t\t\t\t\t\t\t\t\t\t\t\t\t\t\t\t<div class=\"elementor-testimonial-job\">Montreal<\/div>\n\t\t\t\t\t\t\t\t\t\t\t\t\t<\/div>\n\t\t\t\t\t\t\t\t\t<\/div>\n\t\t\t<\/div>\n\t\t\t\t\t<\/div>\n\t\t\t\t<\/div>\n\t\t\t\t<\/div>\n\t\t\t\t<div class=\"elementor-element elementor-element-1ed5e23 elementor-widget elementor-widget-testimonial\" data-id=\"1ed5e23\" data-element_type=\"widget\" data-settings=\"{&quot;motion_fx_motion_fx_scrolling&quot;:&quot;yes&quot;,&quot;motion_fx_translateY_effect&quot;:&quot;yes&quot;,&quot;motion_fx_translateY_speed&quot;:{&quot;unit&quot;:&quot;px&quot;,&quot;size&quot;:4,&quot;sizes&quot;:[]},&quot;motion_fx_translateY_affectedRange&quot;:{&quot;unit&quot;:&quot;%&quot;,&quot;size&quot;:&quot;&quot;,&quot;sizes&quot;:{&quot;start&quot;:0,&quot;end&quot;:100}},&quot;motion_fx_devices&quot;:[&quot;desktop&quot;,&quot;tablet&quot;,&quot;mobile&quot;]}\" data-widget_type=\"testimonial.default\">\n\t\t\t\t<div class=\"elementor-widget-container\">\n\t\t\t\t\t<div class=\"elementor-testimonial-wrapper\">\n\t\t\t\t\t\t\t<div class=\"elementor-testimonial-content\"><span style=\"font-family: Arial, sans-serif;font-size: 13px;text-align: left\">We had a great experience working with Jos\u00e9e when she helped us sell our condo in spring 2024. We were trying to coordinate the sale with the purchase of a new home in a different province, so we were nervous about things going smoothly. Jos\u00e9e helped us sell our condo within a few weeks of it listing, helping make our move a success. Jos\u00e9e is diligent, has good instincts, and is easy to work with. We felt like we were in good hands and would recommend Jos\u00e9e!<\/span><\/div>\n\t\t\t\n\t\t\t\t\t\t<div class=\"elementor-testimonial-meta\">\n\t\t\t\t<div class=\"elementor-testimonial-meta-inner\">\n\t\t\t\t\t\n\t\t\t\t\t\t\t\t\t\t<div class=\"elementor-testimonial-details\">\n\t\t\t\t\t\t\t\t\t\t\t\t\t\t<div class=\"elementor-testimonial-name\">Kaitlyn Sjonnesen<\/div>\n\t\t\t\t\t\t\t\t\t\t\t\t\t\t\t\t\t\t\t\t\t\t<div class=\"elementor-testimonial-job\">Ottawa<\/div>\n\t\t\t\t\t\t\t\t\t\t\t\t\t<\/div>\n\t\t\t\t\t\t\t\t\t<\/div>\n\t\t\t<\/div>\n\t\t\t\t\t<\/div>\n\t\t\t\t<\/div>\n\t\t\t\t<\/div>\n\t\t\t\t\t<\/div>\n\t\t<\/div>\n\t\t\t\t\t\t\t<\/div>\n\t\t<\/section>\n\t\t\t\t<section class=\"elementor-section elementor-top-section elementor-element elementor-element-611401c elementor-section-boxed elementor-section-height-default elementor-section-height-default\" data-id=\"611401c\" data-element_type=\"section\">\n\t\t\t\t\t\t<div class=\"elementor-container elementor-column-gap-default\">\n\t\t\t\t\t<div class=\"elementor-column elementor-col-100 elementor-top-column elementor-element elementor-element-929c725\" data-id=\"929c725\" data-element_type=\"column\">\n\t\t\t<div class=\"elementor-widget-wrap elementor-element-populated\">\n\t\t\t\t\t\t\t\t<div class=\"elementor-element elementor-element-0a59bdf elementor-widget elementor-widget-spacer\" data-id=\"0a59bdf\" data-element_type=\"widget\" data-widget_type=\"spacer.default\">\n\t\t\t\t<div class=\"elementor-widget-container\">\n\t\t\t\t\t<div class=\"elementor-spacer\">\n\t\t\t<div class=\"elementor-spacer-inner\"><\/div>\n\t\t<\/div>\n\t\t\t\t<\/div>\n\t\t\t\t<\/div>\n\t\t\t\t\t<\/div>\n\t\t<\/div>\n\t\t\t\t\t\t\t<\/div>\n\t\t<\/section>\n\t\t\t\t\t\t\t<\/div>\n\t\t","protected":false},"excerpt":{"rendered":"<p>I had the great opportunity to meet Jos\u00e9e a few years ago when I was looking to buy a property in the Laurentians and called upon her again when I sold! She was with me every step of the way, put me at ease and always answered any questions I had! If you&#8217;re looking for [&hellip;]<\/p>\n","protected":false},"author":1,"featured_media":0,"parent":0,"menu_order":0,"comment_status":"closed","ping_status":"closed","template":"","meta":{"footnotes":""},"yoast_head":"<!-- This site is optimized with the Yoast SEO plugin v21.9 - https:\/\/yoast.com\/wordpress\/plugins\/seo\/ -->\n<title>Testimonials - Jos\u00e9e Boulais - Courtier immobilier r\u00e9sidentiel<\/title>\n<meta name=\"robots\" content=\"index, follow, max-snippet:-1, max-image-preview:large, max-video-preview:-1\" \/>\n<link rel=\"canonical\" href=\"https:\/\/joseeboulais.com\/en\/testimonials\/\" \/>\n<meta property=\"og:locale\" content=\"en_US\" \/>\n<meta property=\"og:type\" content=\"article\" \/>\n<meta property=\"og:title\" content=\"Testimonials - Jos\u00e9e Boulais - Courtier immobilier r\u00e9sidentiel\" \/>\n<meta property=\"og:description\" content=\"I had the great opportunity to meet Jos\u00e9e a few years ago when I was looking to buy a property in the Laurentians and called upon her again when I sold! She was with me every step of the way, put me at ease and always answered any questions I had! If you&#8217;re looking for [&hellip;]\" \/>\n<meta property=\"og:url\" content=\"https:\/\/joseeboulais.com\/en\/testimonials\/\" \/>\n<meta property=\"og:site_name\" content=\"Jos\u00e9e Boulais - Courtier immobilier r\u00e9sidentiel\" \/>\n<meta property=\"article:modified_time\" content=\"2024-11-13T02:55:50+00:00\" \/>\n<meta property=\"og:image\" content=\"https:\/\/joseeboulais.com\/wp-content\/uploads\/sites\/217\/2025\/01\/josee-boulais-site-image.jpg\" \/>\n\t<meta property=\"og:image:width\" content=\"1200\" \/>\n\t<meta property=\"og:image:height\" content=\"675\" \/>\n\t<meta property=\"og:image:type\" content=\"image\/jpeg\" \/>\n<meta name=\"twitter:card\" content=\"summary_large_image\" \/>\n<meta name=\"twitter:label1\" content=\"Est. reading time\" \/>\n\t<meta name=\"twitter:data1\" content=\"2 minutes\" \/>\n<script type=\"application\/ld+json\" class=\"yoast-schema-graph\">{\"@context\":\"https:\/\/schema.org\",\"@graph\":[{\"@type\":\"WebPage\",\"@id\":\"https:\/\/joseeboulais.com\/en\/testimonials\/\",\"url\":\"https:\/\/joseeboulais.com\/en\/testimonials\/\",\"name\":\"Testimonials - Jos\u00e9e Boulais - Courtier immobilier r\u00e9sidentiel\",\"isPartOf\":{\"@id\":\"https:\/\/joseeboulais.com\/en\/#website\"},\"datePublished\":\"2021-09-23T17:47:04+00:00\",\"dateModified\":\"2024-11-13T02:55:50+00:00\",\"breadcrumb\":{\"@id\":\"https:\/\/joseeboulais.com\/en\/testimonials\/#breadcrumb\"},\"inLanguage\":\"en-US\",\"potentialAction\":[{\"@type\":\"ReadAction\",\"target\":[\"https:\/\/joseeboulais.com\/en\/testimonials\/\"]}]},{\"@type\":\"BreadcrumbList\",\"@id\":\"https:\/\/joseeboulais.com\/en\/testimonials\/#breadcrumb\",\"itemListElement\":[{\"@type\":\"ListItem\",\"position\":1,\"name\":\"Accueil\",\"item\":\"https:\/\/joseeboulais.com\/en\/\"},{\"@type\":\"ListItem\",\"position\":2,\"name\":\"Testimonials\"}]},{\"@type\":\"WebSite\",\"@id\":\"https:\/\/joseeboulais.com\/en\/#website\",\"url\":\"https:\/\/joseeboulais.com\/en\/\",\"name\":\"Jos\u00e9e Boulais - Courtier immobilier r\u00e9sidentiel\",\"description\":\"Votre projet, ma mission \u2013 un accompagnement immobilier sur mesure.\",\"publisher\":{\"@id\":\"https:\/\/joseeboulais.com\/en\/#organization\"},\"potentialAction\":[{\"@type\":\"SearchAction\",\"target\":{\"@type\":\"EntryPoint\",\"urlTemplate\":\"https:\/\/joseeboulais.com\/en\/?s={search_term_string}\"},\"query-input\":\"required name=search_term_string\"}],\"inLanguage\":\"en-US\"},{\"@type\":\"Organization\",\"@id\":\"https:\/\/joseeboulais.com\/en\/#organization\",\"name\":\"Jos\u00e9e Boulais - Courtier immobilier r\u00e9sidentiel\",\"url\":\"https:\/\/joseeboulais.com\/en\/\",\"logo\":{\"@type\":\"ImageObject\",\"inLanguage\":\"en-US\",\"@id\":\"https:\/\/joseeboulais.com\/en\/#\/schema\/logo\/image\/\",\"url\":\"https:\/\/joseeboulais.com\/wp-content\/uploads\/sites\/217\/2024\/10\/cropped-Pri_Sommet_Gold.png\",\"contentUrl\":\"https:\/\/joseeboulais.com\/wp-content\/uploads\/sites\/217\/2024\/10\/cropped-Pri_Sommet_Gold.png\",\"width\":911,\"height\":286,\"caption\":\"Jos\u00e9e Boulais - Courtier immobilier r\u00e9sidentiel\"},\"image\":{\"@id\":\"https:\/\/joseeboulais.com\/en\/#\/schema\/logo\/image\/\"}}]}<\/script>\n<!-- \/ Yoast SEO plugin. -->","yoast_head_json":{"title":"Testimonials - Jos\u00e9e Boulais - Courtier immobilier r\u00e9sidentiel","robots":{"index":"index","follow":"follow","max-snippet":"max-snippet:-1","max-image-preview":"max-image-preview:large","max-video-preview":"max-video-preview:-1"},"canonical":"https:\/\/joseeboulais.com\/en\/testimonials\/","og_locale":"en_US","og_type":"article","og_title":"Testimonials - Jos\u00e9e Boulais - Courtier immobilier r\u00e9sidentiel","og_description":"I had the great opportunity to meet Jos\u00e9e a few years ago when I was looking to buy a property in the Laurentians and called upon her again when I sold! She was with me every step of the way, put me at ease and always answered any questions I had! If you&#8217;re looking for [&hellip;]","og_url":"https:\/\/joseeboulais.com\/en\/testimonials\/","og_site_name":"Jos\u00e9e Boulais - Courtier immobilier r\u00e9sidentiel","article_modified_time":"2024-11-13T02:55:50+00:00","og_image":[{"width":1200,"height":675,"url":"https:\/\/joseeboulais.com\/wp-content\/uploads\/sites\/217\/2025\/01\/josee-boulais-site-image.jpg","type":"image\/jpeg"}],"twitter_card":"summary_large_image","twitter_misc":{"Est. reading time":"2 minutes"},"schema":{"@context":"https:\/\/schema.org","@graph":[{"@type":"WebPage","@id":"https:\/\/joseeboulais.com\/en\/testimonials\/","url":"https:\/\/joseeboulais.com\/en\/testimonials\/","name":"Testimonials - Jos\u00e9e Boulais - Courtier immobilier r\u00e9sidentiel","isPartOf":{"@id":"https:\/\/joseeboulais.com\/en\/#website"},"datePublished":"2021-09-23T17:47:04+00:00","dateModified":"2024-11-13T02:55:50+00:00","breadcrumb":{"@id":"https:\/\/joseeboulais.com\/en\/testimonials\/#breadcrumb"},"inLanguage":"en-US","potentialAction":[{"@type":"ReadAction","target":["https:\/\/joseeboulais.com\/en\/testimonials\/"]}]},{"@type":"BreadcrumbList","@id":"https:\/\/joseeboulais.com\/en\/testimonials\/#breadcrumb","itemListElement":[{"@type":"ListItem","position":1,"name":"Accueil","item":"https:\/\/joseeboulais.com\/en\/"},{"@type":"ListItem","position":2,"name":"Testimonials"}]},{"@type":"WebSite","@id":"https:\/\/joseeboulais.com\/en\/#website","url":"https:\/\/joseeboulais.com\/en\/","name":"Jos\u00e9e Boulais - Courtier immobilier r\u00e9sidentiel","description":"Votre projet, ma mission \u2013 un accompagnement immobilier sur mesure.","publisher":{"@id":"https:\/\/joseeboulais.com\/en\/#organization"},"potentialAction":[{"@type":"SearchAction","target":{"@type":"EntryPoint","urlTemplate":"https:\/\/joseeboulais.com\/en\/?s={search_term_string}"},"query-input":"required name=search_term_string"}],"inLanguage":"en-US"},{"@type":"Organization","@id":"https:\/\/joseeboulais.com\/en\/#organization","name":"Jos\u00e9e Boulais - Courtier immobilier r\u00e9sidentiel","url":"https:\/\/joseeboulais.com\/en\/","logo":{"@type":"ImageObject","inLanguage":"en-US","@id":"https:\/\/joseeboulais.com\/en\/#\/schema\/logo\/image\/","url":"https:\/\/joseeboulais.com\/wp-content\/uploads\/sites\/217\/2024\/10\/cropped-Pri_Sommet_Gold.png","contentUrl":"https:\/\/joseeboulais.com\/wp-content\/uploads\/sites\/217\/2024\/10\/cropped-Pri_Sommet_Gold.png","width":911,"height":286,"caption":"Jos\u00e9e Boulais - Courtier immobilier r\u00e9sidentiel"},"image":{"@id":"https:\/\/joseeboulais.com\/en\/#\/schema\/logo\/image\/"}}]}},"_links":{"self":[{"href":"https:\/\/joseeboulais.com\/en\/wp-json\/wp\/v2\/pages\/989"}],"collection":[{"href":"https:\/\/joseeboulais.com\/en\/wp-json\/wp\/v2\/pages"}],"about":[{"href":"https:\/\/joseeboulais.com\/en\/wp-json\/wp\/v2\/types\/page"}],"author":[{"embeddable":true,"href":"https:\/\/joseeboulais.com\/en\/wp-json\/wp\/v2\/users\/1"}],"replies":[{"embeddable":true,"href":"https:\/\/joseeboulais.com\/en\/wp-json\/wp\/v2\/comments?post=989"}],"version-history":[{"count":19,"href":"https:\/\/joseeboulais.com\/en\/wp-json\/wp\/v2\/pages\/989\/revisions"}],"predecessor-version":[{"id":1303,"href":"https:\/\/joseeboulais.com\/en\/wp-json\/wp\/v2\/pages\/989\/revisions\/1303"}],"wp:attachment":[{"href":"https:\/\/joseeboulais.com\/en\/wp-json\/wp\/v2\/media?parent=989"}],"curies":[{"name":"wp","href":"https:\/\/api.w.org\/{rel}","templated":true}]}}